{"id":158,"date":"2016-02-23T08:01:55","date_gmt":"2016-02-23T08:01:55","guid":{"rendered":"http:\/\/demo.vegatheme.com\/harmonia\/?page_id=64"},"modified":"2020-10-08T10:27:27","modified_gmt":"2020-10-08T07:27:27","slug":"about-us","status":"publish","type":"page","link":"https:\/\/navalium.com\/tr\/about-us\/","title":{"rendered":"HAKKIMIZDA"},"content":{"rendered":"<div class=\"wpb-content-wrapper\"><p>[vc_row css=&#8221;.vc_custom_1456222501490{margin-bottom: 0px !important;padding-top: 80px !important;background-color: #eef2e8 !important;}&#8221;][vc_column width=&#8221;1\/2&#8243; css=&#8221;.vc_custom_1574481688184{margin-bottom: 0px !important;padding-top: 644px !important;padding-bottom: 644px !important;background-image: url(https:\/\/navalium.com\/wp-content\/uploads\/2019\/11\/about-us-1.jpg?id=2921) !important;background-position: center !important;background-repeat: no-repeat !important;background-size: cover !important;}&#8221;][\/vc_column][vc_column width=&#8221;1\/2&#8243; css=&#8221;.vc_custom_1456220028716{margin-bottom: 0px !important;}&#8221;]\n\t\t    <div class=\"dark-section-with-title dark-background\" style=\"\">\n\t\t\t<div class=\"title-text-left bigger-margin\">\n\t\t\t\t<h4>HAKKIMIZDA<\/h4>\n\t\t\t\t<p>NAVALIUM<\/p>\t\t\t<\/div>\n\t\t\t<div class=\"sign-section-left\">\n\t\t\t\t<p>Navalium, gemi in\u015faat sekt\u00f6r\u00fcnde faaliyet g\u00f6steren ve malzeme tedari\u011fi sa\u011flayan \u0130stanbul merkezli bir m\u00fchendislik ve dan\u0131\u015fmanl\u0131k \u015firketidir. Navalium ekibi olarak d\u00fcnyan\u0131n d\u00f6rt bir k\u00f6\u015fesine eri\u015fim sa\u011fl\u0131yoruz. T\u00fcrkiye, Avrupa, Orta Do\u011fu ve Asya b\u00f6lgesindeki nakliye \u015firketlerine, gemi sahiplerine, tersanelere, gemi sat\u0131c\u0131lar\u0131na ve acentelere gemi in\u015faat alan\u0131yla ilgili gerekli t\u00fcm \u00fcr\u00fcnleri ula\u015ft\u0131r\u0131yoruz.<\/p>\n<p>&nbsp;<\/p>\n<p>Navalium olarak her zaman kaliteyi en uygun fiyata sunarak m\u00fc\u015fteri memnuniyetini maksimumda tutabilmek i\u00e7in \u00e7al\u0131\u015f\u0131yoruz. Gemileriniz veya filonuzun ihtiya\u00e7lar\u0131na y\u00f6nelik en g\u00fcvenilir \u00fcr\u00fcnlere en k\u0131sa s\u00fcrede sahip olmak istiyorsan\u0131z size de hizmet sunmaktan mutluluk duyar\u0131z.<\/p>\t\t\t\t\t\t\t\t\n\t\t\t\t\t\t\t<\/div>\n\t\t<\/div>\n\t\t\n[\/vc_column][\/vc_row][vc_row disable_element=&#8221;yes&#8221; bg_parallax=&#8221;true&#8221; photo=&#8221;99&#8243; css=&#8221;.vc_custom_1574407776239{padding-top: 80px !important;padding-bottom: 80px !important;}&#8221;][vc_column]\t\n\t\t\t<div class=\"play-video\">\n\t\t\t<h4>SMOOTH PARALLAX<\/h4>\t\t\t<p>Play fullscreen video.<\/p>\t\t\t<a href=\"http:\/\/www.youtube.com\/embed\/L9szn1QQfas?autoplay=1\" class=\"fancybox  fancybox.iframe\"><div class=\"button icon-control-play\"><\/div><\/a>\n\t\t<\/div>\n\t\t\t\n[\/vc_column][\/vc_row][vc_row disable_element=&#8221;yes&#8221; css=&#8221;.vc_custom_1574407788602{padding-top: 80px !important;padding-bottom: 80px !important;background-color: #ffffff !important;}&#8221;][vc_column][vc_custom_heading text=&#8221;OUR SKILLS&#8221; font_container=&#8221;tag:h4|text_align:center&#8221; google_fonts=&#8221;font_family:Dosis%3A200%2C300%2Cregular%2C500%2C600%2C700%2C800|font_style:600%20bold%20regular%3A600%3Anormal&#8221;][vc_custom_heading text=&#8221;We are moving boundaries.&#8221; font_container=&#8221;tag:p|text_align:center&#8221; google_fonts=&#8221;font_family:Playfair%20Display%3Aregular%2Citalic%2C700%2C700italic%2C900%2C900italic|font_style:400%20italic%3A400%3Aitalic&#8221; el_class=&#8221;subtitle&#8221;][vc_separator color=&#8221;custom&#8221; el_width=&#8221;10&#8243; accent_color=&#8221;#e67e22&#8243; css=&#8221;.vc_custom_1456217282589{padding-top: 20px !important;}&#8221;][\/vc_column][vc_column width=&#8221;1\/2&#8243;]\t\n\t\t\n\t\t<div class=\"skills-name\">photoshop <span><span class=\"counter-skills\">70<\/span>%<\/span><\/div>\n\t\t<div class=\"pro-bar-container pro-bar-margin\">\t\t\t\t\t\n\t\t\t<div class=\"pro-bar bar-70\" data-pro-bar-percent=\"70\"><\/div>\n\t\t<\/div>\n\t\t\t\n\t\t<div class=\"skills-name\">html5 <span><span class=\"counter-skills\">87<\/span>%<\/span><\/div>\n\t\t<div class=\"pro-bar-container pro-bar-margin\">\t\t\t\t\t\n\t\t\t<div class=\"pro-bar bar-87\" data-pro-bar-percent=\"87\"><\/div>\n\t\t<\/div>\n\t\t\t\n\t\t<div class=\"skills-name\">wordpress <span><span class=\"counter-skills\">64<\/span>%<\/span><\/div>\n\t\t<div class=\"pro-bar-container pro-bar-margin\">\t\t\t\t\t\n\t\t\t<div class=\"pro-bar bar-64\" data-pro-bar-percent=\"64\"><\/div>\n\t\t<\/div>\n\t\t\t\n\t\t<div class=\"skills-name\">css3 <span><span class=\"counter-skills\">93<\/span>%<\/span><\/div>\n\t\t<div class=\"pro-bar-container pro-bar-margin\">\t\t\t\t\t\n\t\t\t<div class=\"pro-bar bar-93\" data-pro-bar-percent=\"93\"><\/div>\n\t\t<\/div>\n\t\t\t\n\t\t<div class=\"skills-name\">php <span><span class=\"counter-skills\">72<\/span>%<\/span><\/div>\n\t\t<div class=\"pro-bar-container pro-bar-margin\">\t\t\t\t\t\n\t\t\t<div class=\"pro-bar bar-72\" data-pro-bar-percent=\"72\"><\/div>\n\t\t<\/div>\n\t\t\t\n[\/vc_column][vc_column width=&#8221;1\/2&#8243;][vc_tta_accordion shape=&#8221;square&#8221; color=&#8221;white&#8221; gap=&#8221;4&#8243; c_align=&#8221;right&#8221; active_section=&#8221;&#8221; collapsible_all=&#8221;true&#8221;][vc_tta_section title=&#8221;Fully customizable&#8221; tab_id=&#8221;1456223530219-a1c5b883-7ac6&#8243;][vc_column_text]A small river named Duden flows by their place and supplies it with the necessary regelialia.[\/vc_column_text][\/vc_tta_section][vc_tta_section title=&#8221;Unlimited options&#8221; tab_id=&#8221;1456223530263-2d826dee-4000&#8243;][vc_column_text]A small river named Duden flows by their place and supplies it with the necessary regelialia.[\/vc_column_text][\/vc_tta_section][vc_tta_section title=&#8221;Retina ready&#8221; tab_id=&#8221;1456282885018-711eed43-3584&#8243;][vc_column_text]A small river named Duden flows by their place and supplies it with the necessary regelialia.[\/vc_column_text][\/vc_tta_section][vc_tta_section title=&#8221;100% responsive&#8221; tab_id=&#8221;1456282914539-7136875a-f56d&#8221;][vc_column_text]A small river named Duden flows by their place and supplies it with the necessary regelialia.[\/vc_column_text][\/vc_tta_section][\/vc_tta_accordion][\/vc_column][\/vc_row][vc_row disable_element=&#8221;yes&#8221; fullwidth=&#8221;yes&#8221; css=&#8221;.vc_custom_1574765663078{background-color: #282828 !important;}&#8221;][vc_column]\t\n\t\t\t\t<div id=\"owl-logos-8401824\" class=\"owl-carousel owl-theme owl-logos\">\n\t\t\t\t\t\t\t<div class=\"item\"><img decoding=\"async\" src=\"https:\/\/navalium.com\/wp-content\/uploads\/2016\/03\/white6.png\" alt=\"\"><\/div>\n\t\t\t\t\t\t\t<div class=\"item\"><img decoding=\"async\" src=\"https:\/\/navalium.com\/wp-content\/uploads\/2016\/03\/white5.png\" alt=\"\"><\/div>\n\t\t\t\t\t\t\t<div class=\"item\"><img decoding=\"async\" src=\"https:\/\/navalium.com\/wp-content\/uploads\/2016\/03\/white4.png\" alt=\"\"><\/div>\n\t\t\t\t\t\t\t<div class=\"item\"><img decoding=\"async\" src=\"https:\/\/navalium.com\/wp-content\/uploads\/2016\/03\/white4-Copy.png\" alt=\"\"><\/div>\n\t\t\t\t\t\t\t<div class=\"item\"><img decoding=\"async\" src=\"https:\/\/navalium.com\/wp-content\/uploads\/2016\/03\/white3-1.png\" alt=\"\"><\/div>\n\t\t\t\t\t\t\t<div class=\"item\"><img decoding=\"async\" src=\"https:\/\/navalium.com\/wp-content\/uploads\/2016\/03\/white3-Copy-1.png\" alt=\"\"><\/div>\n\t\t\t\t\t\t\t<div class=\"item\"><img decoding=\"async\" src=\"https:\/\/navalium.com\/wp-content\/uploads\/2016\/03\/white2-1.png\" alt=\"\"><\/div>\n\t\t\t\t\t\t\t<div class=\"item\"><img decoding=\"async\" src=\"https:\/\/navalium.com\/wp-content\/uploads\/2016\/03\/white2-Copy-1.png\" alt=\"\"><\/div>\n\t\t\t\t\t\t\t<div class=\"item\"><img decoding=\"async\" src=\"https:\/\/navalium.com\/wp-content\/uploads\/2016\/03\/white1-1.png\" alt=\"\"><\/div>\n\t\t\t\t\t\t\t<div class=\"item\"><img decoding=\"async\" src=\"https:\/\/navalium.com\/wp-content\/uploads\/2016\/03\/white1-Copy-1.png\" alt=\"\"><\/div>\n\t\t\t\t\t<\/div>\n\n\t\t<script>\n\t\t\t(function($) { \"use strict\";\n\t\t\t\t$(document).ready(function() {\n\t\t\t\t\t$(\"#owl-logos-8401824\").owlCarousel({\n\t\t\t\t\t\titems : 6,\n\t\t\t\t\t\titemsDesktop : [1000,6], \n\t\t\t\t\t\titemsDesktopSmall : [900,3],\n\t\t\t\t\t\titemsTablet: [600,2], \n\t\t\t\t\t\titemsMobile : false, \n\t\t\t\t\t\tpagination : false,\n\t\t\t\t\t\tautoPlay : 3000,\n\t\t\t\t\t\tslideSpeed : 300\n\t\t\t\t\t});\t\n\t\t\t\t});\t\n\t\t\t})(jQuery); \n\t\t<\/script>\n\n[\/vc_column][\/vc_row]<\/p>\n<\/div>","protected":false},"excerpt":{"rendered":"<p>[vc_row css=&#8221;.vc_custom_1456222501490{margin-bottom: 0px !important;padding-top: 80px !important;background-color: #eef2e8 !important;}&#8221;][vc_column width=&#8221;1\/2&#8243; css=&#8221;.vc_custom_1574481688184{margin-bottom: 0px !important;padding-top: 644px !important;padding-bottom: 644px !important;background-image: url(https:\/\/navalium.com\/wp-content\/uploads\/2019\/11\/about-us-1.jpg?id=2921) !important;background-position: center !important;background-repeat: no-repeat !important;background-size: cover !important;}&#8221;][\/vc_column][vc_column width=&#8221;1\/2&#8243; css=&#8221;.vc_custom_1456220028716{margin-bottom: 0px !important;}&#8221;][\/vc_column][\/vc_row][vc_row disable_element=&#8221;yes&#8221; bg_parallax=&#8221;true&#8221; photo=&#8221;99&#8243; css=&#8221;.vc_custom_1574407776239{padding-top: 80px !important;padding-bottom: 80px !important;}&#8221;][vc_column][\/vc_column][\/vc_row][vc_row disable_element=&#8221;yes&#8221; css=&#8221;.vc_custom_1574407788602{padding-top: 80px !important;padding-bottom: 80px !important;background-color: #ffffff !important;}&#8221;][vc_column][vc_custom_heading text=&#8221;OUR SKILLS&#8221; font_container=&#8221;tag:h4|text_align:center&#8221; google_fonts=&#8221;font_family:Dosis%3A200%2C300%2Cregular%2C500%2C600%2C700%2C800|font_style:600%20bold%20regular%3A600%3Anormal&#8221;][vc_custom_heading text=&#8221;We are moving boundaries.&#8221; font_container=&#8221;tag:p|text_align:center&#8221; google_fonts=&#8221;font_family:Playfair%20Display%3Aregular%2Citalic%2C700%2C700italic%2C900%2C900italic|font_style:400%20italic%3A400%3Aitalic&#8221; el_class=&#8221;subtitle&#8221;][vc_separator [&hellip;]<\/p>\n","protected":false},"author":1,"featured_media":0,"parent":0,"menu_order":0,"comment_status":"closed","ping_status":"closed","template":"page-templates\/template-fullwidth.php","meta":{"footnotes":""},"class_list":["post-158","page","type-page","status-publish","hentry"],"translation":{"provider":"WPGlobus","version":"2.12.2","language":"tr","enabled_languages":["en","tr"],"languages":{"en":{"title":true,"content":true,"excerpt":false},"tr":{"title":true,"content":true,"excerpt":false}}},"aioseo_notices":[],"_links":{"self":[{"href":"https:\/\/navalium.com\/tr\/wp-json\/wp\/v2\/pages\/158","targetHints":{"allow":["GET"]}}],"collection":[{"href":"https:\/\/navalium.com\/tr\/wp-json\/wp\/v2\/pages"}],"about":[{"href":"https:\/\/navalium.com\/tr\/wp-json\/wp\/v2\/types\/page"}],"author":[{"embeddable":true,"href":"https:\/\/navalium.com\/tr\/wp-json\/wp\/v2\/users\/1"}],"replies":[{"embeddable":true,"href":"https:\/\/navalium.com\/tr\/wp-json\/wp\/v2\/comments?post=158"}],"version-history":[{"count":3,"href":"https:\/\/navalium.com\/tr\/wp-json\/wp\/v2\/pages\/158\/revisions"}],"predecessor-version":[{"id":3799,"href":"https:\/\/navalium.com\/tr\/wp-json\/wp\/v2\/pages\/158\/revisions\/3799"}],"wp:attachment":[{"href":"https:\/\/navalium.com\/tr\/wp-json\/wp\/v2\/media?parent=158"}],"curies":[{"name":"wp","href":"https:\/\/api.w.org\/{rel}","templated":true}]}}